{"id":661098,"date":"2024-07-25T12:40:58","date_gmt":"2024-07-25T10:40:58","guid":{"rendered":"https:\/\/himberg.cloud08.webhome.at\/service\/"},"modified":"2025-04-14T13:00:22","modified_gmt":"2025-04-14T11:00:22","slug":"service","status":"publish","type":"page","link":"https:\/\/center-himberg.at\/en\/service\/","title":{"rendered":"Service"},"content":{"rendered":"\n<div class=\"wp-block-group alignwide has-global-padding is-layout-constrained wp-block-group-is-layout-constrained\" style=\"margin-bottom:var(--wp--preset--spacing--40)\">\n<div class=\"wp-block-cover alignwide\" style=\"margin-bottom:0;min-height:70vh;aspect-ratio:unset;\"><span aria-hidden=\"true\" class=\"wp-block-cover__background has-contrast-background-color has-background-dim-40 has-background-dim\"><\/span><img loading=\"lazy\" decoding=\"async\" width=\"1920\" height=\"1280\" class=\"wp-block-cover__image-background wp-image-679950\" alt=\"\" src=\"https:\/\/center-himberg.at\/wp-content\/uploads\/2025\/01\/Service-1.webp\" data-object-fit=\"cover\" srcset=\"https:\/\/center-himberg.at\/wp-content\/uploads\/2025\/01\/Service-1.webp 1920w, https:\/\/center-himberg.at\/wp-content\/uploads\/2025\/01\/Service-1-300x200.webp 300w, https:\/\/center-himberg.at\/wp-content\/uploads\/2025\/01\/Service-1-1024x683.webp 1024w, https:\/\/center-himberg.at\/wp-content\/uploads\/2025\/01\/Service-1-768x512.webp 768w, https:\/\/center-himberg.at\/wp-content\/uploads\/2025\/01\/Service-1-1536x1024.webp 1536w, https:\/\/center-himberg.at\/wp-content\/uploads\/2025\/01\/Service-1-900x600.webp 900w, https:\/\/center-himberg.at\/wp-content\/uploads\/2025\/01\/Service-1-165x110.webp 165w, https:\/\/center-himberg.at\/wp-content\/uploads\/2025\/01\/Service-1-360x240.webp 360w, https:\/\/center-himberg.at\/wp-content\/uploads\/2025\/01\/Service-1-475x317.webp 475w, https:\/\/center-himberg.at\/wp-content\/uploads\/2025\/01\/Service-1-1350x900.webp 1350w\" sizes=\"auto, (max-width: 1920px) 100vw, 1920px\" \/><div class=\"wp-block-cover__inner-container is-layout-flow wp-block-cover-is-layout-flow\">\n<div class=\"wp-block-group is-vertical is-content-justification-center is-layout-flex wp-container-core-group-is-layout-ce155fab wp-block-group-is-layout-flex\" style=\"min-height:100%\">\n<p class=\"has-text-align-center animated fadeInUp has-base-color has-accent-2-background-color has-text-color has-background has-link-color wp-elements-c38161f36504fa35b77adb7aa41d8ac2\" style=\"margin-top:0;margin-bottom:0;padding-top:5px;padding-right:var(--wp--preset--spacing--10);padding-bottom:5px;padding-left:var(--wp--preset--spacing--10);letter-spacing:3px;text-transform:uppercase\"><strong>VIDEO SURVEILLANCE WITH SECURITY SERVICE<\/strong><\/p>\n\n\n\n<h1 class=\"wp-block-heading has-text-align-center animated fadeInUp delay-100ms has-base-color has-text-color has-link-color has-h-1-font-size wp-elements-68d56770e043d132522ab7576dec5337\"><strong>YOUR SAFE ZONE AT CENTER HIMBERG<\/strong><\/h1>\n<\/div>\n<\/div><\/div>\n<\/div>\n\n<div class=\"wp-block-group has-global-padding is-layout-constrained wp-block-group-is-layout-constrained\">\n<div class=\"wp-block-webx-blocks-grid animated fadeInUp is-layout-grid wp-container-webx-blocks-grid-is-layout-afc677c4 wp-block-webx-blocks-grid-is-layout-grid\" style=\"margin-top:var(--wp--preset--spacing--50);margin-right:0;margin-bottom:0;margin-left:0;padding-right:0;padding-left:0;--grid-columns-desktop:2;--grid-columns-tablet:2;--grid-columns-mobile:1\">\n<div class=\"wp-block-webx-blocks-grid-item is-layout-flow wp-block-webx-blocks-grid-item-is-layout-flow\" style=\"padding-top:var(--wp--preset--spacing--10);padding-right:0;padding-bottom:var(--wp--preset--spacing--10);padding-left:0;--grid-area-desktop:auto \/ auto \/ auto \/ auto;--grid-area-tablet:auto \/ auto \/ auto \/ auto;--grid-area-mobile:auto \/ auto \/ auto \/ auto\">\n<div class=\"wp-block-webx-blocks-subtitle is-style-default\"><strong>WE ENSURE SAFETY<\/strong><\/div>\n\n\n\n<h2 class=\"wp-block-heading\" style=\"margin-top:var(--wp--preset--spacing--10);margin-right:0;margin-bottom:var(--wp--preset--spacing--10);margin-left:0\"><strong>WELCOME TO THE SAFE SIDE<\/strong><\/h2>\n<\/div>\n\n\n\n<div class=\"wp-block-webx-blocks-grid-item is-layout-flow wp-block-webx-blocks-grid-item-is-layout-flow\" style=\"padding-top:0;padding-right:0;padding-bottom:0;padding-left:0;--grid-area-desktop:auto \/ auto \/ auto \/ auto;--grid-area-tablet:auto \/ auto \/ auto \/ auto;--grid-area-mobile:auto \/ auto \/ auto \/ auto\">\n<p>Thanks to comprehensive video surveillance and security service, you can enjoy a very high level of security at Center Himberg and at the same time use your office, storage space, garage box or rehearsal room at any time without restrictions.<\/p>\n\n\n\n<p>The bright lighting of all loading zones, entrances and aisles in the Himberg Center provides an even greater sense of security. And if you ever need help, our caretaker service is actively available from Monday to Friday.  <\/p>\n<\/div>\n<\/div>\n<\/div>\n    \n\n<div style=\"margin-top:var(--wp--preset--spacing--40);margin-bottom:var(--wp--preset--spacing--40);\" class=\"animated fadeInUp wp-block-webx-blocks-image-slider\">\n\t<div class=\"swiper webx-gallery-swiper\" data-spv=\"2\" data-sb=10 data-stn=1 data-loop=\"0\">\n\t\t<div class=\"swiper-wrapper\" style=\"\">\n\t\t\t\t\t\t\t\t\t\t\t\t\t\t\t\t\t<div class=\"swiper-slide\">\n\t\t\t\t\t\t\t\t\t\t\t\t\t<a href=\"https:\/\/center-himberg.at\/wp-content\/uploads\/2025\/01\/Service-1.webp\" data-fslightbox=\"ef45b581-040d-4ce6-9e3b-51e81eeeb3c2\" data-caption=\"\">\n\t\t\t\t\t\t\t\t<img loading=\"lazy\"     style=\"aspect-ratio: 4 \/ 3; object-fit: cover\" srcset=\"https:\/\/center-himberg.at\/wp-content\/uploads\/2025\/01\/Service-1.webp 1920w, https:\/\/center-himberg.at\/wp-content\/uploads\/2025\/01\/Service-1-300x200.webp 300w, https:\/\/center-himberg.at\/wp-content\/uploads\/2025\/01\/Service-1-1024x683.webp 1024w, https:\/\/center-himberg.at\/wp-content\/uploads\/2025\/01\/Service-1-768x512.webp 768w, https:\/\/center-himberg.at\/wp-content\/uploads\/2025\/01\/Service-1-1536x1024.webp 1536w, https:\/\/center-himberg.at\/wp-content\/uploads\/2025\/01\/Service-1-900x600.webp 900w, https:\/\/center-himberg.at\/wp-content\/uploads\/2025\/01\/Service-1-165x110.webp 165w, https:\/\/center-himberg.at\/wp-content\/uploads\/2025\/01\/Service-1-360x240.webp 360w, https:\/\/center-himberg.at\/wp-content\/uploads\/2025\/01\/Service-1-475x317.webp 475w, https:\/\/center-himberg.at\/wp-content\/uploads\/2025\/01\/Service-1-1350x900.webp 1350w\" sizes=\"(max-width: 1920px) 100vw, 1920px\" alt=\"\" title=\"Service 1\"\/>\n\t\t\t\t\t\t\t<\/a>\n\t\t\t\t\t\t\t\t\t\t\t\t\n\t\t\t\t\t<\/div>\n\t\t\t\t\t\t\t\t\t\t\t\t\t\t\t\t\t\t\t\t\t<div class=\"swiper-slide\">\n\t\t\t\t\t\t\t\t\t\t\t\t\t<a href=\"https:\/\/center-himberg.at\/wp-content\/uploads\/2025\/01\/Service-2.webp\" data-fslightbox=\"ef45b581-040d-4ce6-9e3b-51e81eeeb3c2\" data-caption=\"\">\n\t\t\t\t\t\t\t\t<img loading=\"lazy\"     style=\"aspect-ratio: 4 \/ 3; object-fit: cover\" srcset=\"https:\/\/center-himberg.at\/wp-content\/uploads\/2025\/01\/Service-2.webp 1920w, https:\/\/center-himberg.at\/wp-content\/uploads\/2025\/01\/Service-2-300x200.webp 300w, https:\/\/center-himberg.at\/wp-content\/uploads\/2025\/01\/Service-2-1024x683.webp 1024w, https:\/\/center-himberg.at\/wp-content\/uploads\/2025\/01\/Service-2-768x512.webp 768w, https:\/\/center-himberg.at\/wp-content\/uploads\/2025\/01\/Service-2-1536x1024.webp 1536w, https:\/\/center-himberg.at\/wp-content\/uploads\/2025\/01\/Service-2-900x600.webp 900w, https:\/\/center-himberg.at\/wp-content\/uploads\/2025\/01\/Service-2-165x110.webp 165w, https:\/\/center-himberg.at\/wp-content\/uploads\/2025\/01\/Service-2-360x240.webp 360w, https:\/\/center-himberg.at\/wp-content\/uploads\/2025\/01\/Service-2-475x317.webp 475w, https:\/\/center-himberg.at\/wp-content\/uploads\/2025\/01\/Service-2-1350x900.webp 1350w\" sizes=\"(max-width: 1920px) 100vw, 1920px\" alt=\"\" title=\"Service 2\"\/>\n\t\t\t\t\t\t\t<\/a>\n\t\t\t\t\t\t\t\t\t\t\t\t\n\t\t\t\t\t<\/div>\n\t\t\t\t\t\t\t\t\t<\/div>\n\t\t\t\t\t<\/div>\n<\/div>\n\n<div class=\"wp-block-group animated fadeInUp has-global-padding is-layout-constrained wp-block-group-is-layout-constrained\" style=\"margin-top:var(--wp--preset--spacing--60);margin-bottom:var(--wp--preset--spacing--60)\">\n<script type=\"application\/ld+json\">{\"@context\":\"https:\/\/schema.org\",\"@type\":\"FAQPage\",\"mainEntity\":[{\"@type\":\"Question\",\"name\":\"Wie werden die gelagerten Gegenst\u00e4nde versichert?\",\"acceptedAnswer\":{\"@type\":\"Answer\",\"text\":\"Die Versicherung Ihrer eingelagerten Gegenst\u00e4nde wird \u2013 als Privatperson \u2013 von Ihrer bestehenden Haushaltsversicherung gedeckt. Als Gewerbetreibende:r m\u00fcssen Sie Ihre Gegenst\u00e4nde gesondert versichern. Ein Meldeformular erhalten Sie bei der Schl\u00fcssel\u00fcbergabe.&nbsp;\"}},{\"@type\":\"Question\",\"name\":\"Gibt es auch Dinge, die nicht eingelagert werden d\u00fcrfen?\",\"acceptedAnswer\":{\"@type\":\"Answer\",\"text\":\"Sie d\u00fcrfen grunds\u00e4tzlich alles lagern. Mit Ausnahme von verderblicher Ware, Lebewesen, Explosivstoffe oder unrechtm\u00e4\u00dfig erworbener Gegenst\u00e4nde.&nbsp;\"}},{\"@type\":\"Question\",\"name\":\"Wie sind die Zugangszeiten im Center Himberg?\",\"acceptedAnswer\":{\"@type\":\"Answer\",\"text\":\"Sie haben 365 Tage im Jahr von Montag bis Sonntag unbeschr\u00e4nkten Zutritt.\"}}]}<\/script><div class=\"wp-block-webx-blocks-accordion is-layout-flex wp-block-webx-blocks-accordion-is-layout-flex\" style=\"margin-right:0;margin-left:0\">\n<div class=\"accordion\"><div class=\"wp-block-webx-blocks-accordion-section title faq-title \" style=\"font-style:normal;font-weight:700\" itemprop=\"name\"><div class=\"section-title\" id=\"section-wie-werden-die-gelagerten-gegenstnde-versichert\">How are the stored items insured?<\/div><\/div><div class=\"content\"><div class=\"wrapper\">\n<p>The insurance of your stored items is covered \u2013 as a private individual \u2013 by your existing household insurance. As a trader, you must insure your items separately.  You will receive a registration form when you hand over the keys. <\/p>\n<\/div><\/div><\/div>\n\n\n\n<div class=\"accordion\"><div class=\"wp-block-webx-blocks-accordion-section title faq-title \" style=\"font-style:normal;font-weight:700\" itemprop=\"name\"><div class=\"section-title\" id=\"section-gibt-es-auch-dinge-die-nicht-eingelagert-werden-drfen\">Are there also things that may not be stored?<\/div><\/div><div class=\"content\"><div class=\"wrapper\">\n<p>In principle, you are allowed to store everything. With the exception of perishable goods, living beings, explosives or ill-gotten items. <\/p>\n<\/div><\/div><\/div>\n\n\n\n<div class=\"accordion\"><div class=\"wp-block-webx-blocks-accordion-section title faq-title \" style=\"font-style:normal;font-weight:700\" itemprop=\"name\"><div class=\"section-title\" id=\"section-wie-sind-die-zugangszeiten-im-center-himberg\">What are the access times at Center Himberg?<\/div><\/div><div class=\"content\"><div class=\"wrapper\">\n<p>They have unlimited access 365 days a year from Monday to Sunday.<\/p>\n<\/div><\/div><\/div>\n<\/div>\n<\/div>\n","protected":false},"excerpt":{"rendered":"","protected":false},"author":1,"featured_media":0,"parent":0,"menu_order":0,"comment_status":"closed","ping_status":"closed","template":"page-no-title","meta":{"footnotes":""},"class_list":["post-661098","page","type-page","status-publish","hentry"],"_links":{"self":[{"href":"https:\/\/center-himberg.at\/en\/wp-json\/wp\/v2\/pages\/661098","targetHints":{"allow":["GET"]}}],"collection":[{"href":"https:\/\/center-himberg.at\/en\/wp-json\/wp\/v2\/pages"}],"about":[{"href":"https:\/\/center-himberg.at\/en\/wp-json\/wp\/v2\/types\/page"}],"author":[{"embeddable":true,"href":"https:\/\/center-himberg.at\/en\/wp-json\/wp\/v2\/users\/1"}],"replies":[{"embeddable":true,"href":"https:\/\/center-himberg.at\/en\/wp-json\/wp\/v2\/comments?post=661098"}],"version-history":[{"count":23,"href":"https:\/\/center-himberg.at\/en\/wp-json\/wp\/v2\/pages\/661098\/revisions"}],"predecessor-version":[{"id":700333,"href":"https:\/\/center-himberg.at\/en\/wp-json\/wp\/v2\/pages\/661098\/revisions\/700333"}],"wp:attachment":[{"href":"https:\/\/center-himberg.at\/en\/wp-json\/wp\/v2\/media?parent=661098"}],"curies":[{"name":"wp","href":"https:\/\/api.w.org\/{rel}","templated":true}]}}